{"id":1649,"date":"2024-11-11T14:41:45","date_gmt":"2024-11-11T14:41:45","guid":{"rendered":"https:\/\/latelierdugenie.com\/wordpress\/?post_type=product&#038;p=1649"},"modified":"2024-11-11T14:41:49","modified_gmt":"2024-11-11T14:41:49","slug":"table-en-travertin-2","status":"publish","type":"product","link":"https:\/\/latelierdugenie.com\/wordpress\/produit\/table-en-travertin-2\/","title":{"rendered":"Table en travertin"},"content":{"rendered":"<p>Toutes nos tables en travertin sont livr\u00e9es en tr\u00e8s bon \u00e9tat sans d\u00e9faut.<\/p>\n<p>Elles donneront \u00e0 votre int\u00e9rieur beaucoup de chaleur bien qu&rsquo;en pierre naturelle<\/p>\n","protected":false},"excerpt":{"rendered":"<p>Toutes nos tables en travertin sont livr\u00e9es en tr\u00e8s bon \u00e9tat sans d\u00e9faut. Elles donneront \u00e0 votre int\u00e9rieur beaucoup de [&hellip;]<\/p>\n","protected":false},"featured_media":1372,"comment_status":"open","ping_status":"closed","template":"","meta":{"_uag_custom_page_level_css":"","site-sidebar-layout":"default","site-content-layout":"","ast-site-content-layout":"","site-content-style":"default","site-sidebar-style":"default","ast-global-header-display":"","ast-banner-title-visibility":"","ast-main-header-display":"","ast-hfb-above-header-display":"","ast-hfb-below-header-display":"","ast-hfb-mobile-header-display":"","site-post-title":"","ast-breadcrumbs-content":"","ast-featured-img":"","footer-sml-layout":"","theme-transparent-header-meta":"","adv-header-id-meta":"","stick-header-meta":"","header-above-stick-meta":"","header-main-stick-meta":"","header-below-stick-meta":"","astra-migrate-meta-layouts":"default","ast-page-background-enabled":"default","ast-page-background-meta":{"desktop":{"background-color":"var(--ast-global-color-4)","background-image":"","background-repeat":"repeat","background-position":"center center","background-size":"auto","background-attachment":"scroll","background-type":"","background-media":"","overlay-type":"","overlay-color":"","overlay-opacity":"","overlay-gradient":""},"tablet":{"background-color":"","background-image":"","background-repeat":"repeat","background-position":"center center","background-size":"auto","background-attachment":"scroll","background-type":"","background-media":"","overlay-type":"","overlay-color":"","overlay-opacity":"","overlay-gradient":""},"mobile":{"background-color":"","background-image":"","background-repeat":"repeat","background-position":"center center","background-size":"auto","background-attachment":"scroll","background-type":"","background-media":"","overlay-type":"","overlay-color":"","overlay-opacity":"","overlay-gradient":""}},"ast-content-background-meta":{"desktop":{"background-color":"var(--ast-global-color-5)","background-image":"","background-repeat":"repeat","background-position":"center center","background-size":"auto","background-attachment":"scroll","background-type":"","background-media":"","overlay-type":"","overlay-color":"","overlay-opacity":"","overlay-gradient":""},"tablet":{"background-color":"var(--ast-global-color-5)","background-image":"","background-repeat":"repeat","background-position":"center center","background-size":"auto","background-attachment":"scroll","background-type":"","background-media":"","overlay-type":"","overlay-color":"","overlay-opacity":"","overlay-gradient":""},"mobile":{"background-color":"var(--ast-global-color-5)","background-image":"","background-repeat":"repeat","background-position":"center center","background-size":"auto","background-attachment":"scroll","background-type":"","background-media":"","overlay-type":"","overlay-color":"","overlay-opacity":"","overlay-gradient":""}}},"product_brand":[],"product_cat":[25],"product_tag":[],"class_list":{"0":"post-1649","1":"product","2":"type-product","3":"status-publish","4":"has-post-thumbnail","6":"product_cat-table","7":"desktop-align-left","8":"tablet-align-left","9":"mobile-align-left","11":"first","12":"instock","13":"taxable","14":"shipping-taxable","15":"purchasable","16":"product-type-simple"},"uagb_featured_image_src":{"full":["https:\/\/latelierdugenie.com\/wordpress\/wp-content\/uploads\/2024\/10\/feea85f8-9b69-4a15-8c97-edcfe103f558.jpeg",609,344,false],"thumbnail":["https:\/\/latelierdugenie.com\/wordpress\/wp-content\/uploads\/2024\/10\/feea85f8-9b69-4a15-8c97-edcfe103f558-150x150.jpeg",150,150,true],"medium":["https:\/\/latelierdugenie.com\/wordpress\/wp-content\/uploads\/2024\/10\/feea85f8-9b69-4a15-8c97-edcfe103f558-300x169.jpeg",300,169,true],"medium_large":["https:\/\/latelierdugenie.com\/wordpress\/wp-content\/uploads\/2024\/10\/feea85f8-9b69-4a15-8c97-edcfe103f558.jpeg",609,344,false],"large":["https:\/\/latelierdugenie.com\/wordpress\/wp-content\/uploads\/2024\/10\/feea85f8-9b69-4a15-8c97-edcfe103f558.jpeg",609,344,false],"1536x1536":["https:\/\/latelierdugenie.com\/wordpress\/wp-content\/uploads\/2024\/10\/feea85f8-9b69-4a15-8c97-edcfe103f558.jpeg",609,344,false],"2048x2048":["https:\/\/latelierdugenie.com\/wordpress\/wp-content\/uploads\/2024\/10\/feea85f8-9b69-4a15-8c97-edcfe103f558.jpeg",609,344,false],"woocommerce_thumbnail":["https:\/\/latelierdugenie.com\/wordpress\/wp-content\/uploads\/2024\/10\/feea85f8-9b69-4a15-8c97-edcfe103f558-296x167.jpeg",296,167,true],"woocommerce_single":["https:\/\/latelierdugenie.com\/wordpress\/wp-content\/uploads\/2024\/10\/feea85f8-9b69-4a15-8c97-edcfe103f558-600x339.jpeg",600,339,true],"woocommerce_gallery_thumbnail":["https:\/\/latelierdugenie.com\/wordpress\/wp-content\/uploads\/2024\/10\/feea85f8-9b69-4a15-8c97-edcfe103f558-100x100.jpeg",100,100,true]},"uagb_author_info":{"display_name":"admin","author_link":"https:\/\/latelierdugenie.com\/wordpress\/author\/"},"uagb_comment_info":0,"uagb_excerpt":"Toutes nos tables en travertin sont livr\u00e9es en tr\u00e8s bon \u00e9tat sans d\u00e9faut. Elles donneront \u00e0 votre int\u00e9rieur beaucoup de [&hellip;]","_links":{"self":[{"href":"https:\/\/latelierdugenie.com\/wordpress\/wp-json\/wp\/v2\/product\/1649","targetHints":{"allow":["GET"]}}],"collection":[{"href":"https:\/\/latelierdugenie.com\/wordpress\/wp-json\/wp\/v2\/product"}],"about":[{"href":"https:\/\/latelierdugenie.com\/wordpress\/wp-json\/wp\/v2\/types\/product"}],"replies":[{"embeddable":true,"href":"https:\/\/latelierdugenie.com\/wordpress\/wp-json\/wp\/v2\/comments?post=1649"}],"wp:featuredmedia":[{"embeddable":true,"href":"https:\/\/latelierdugenie.com\/wordpress\/wp-json\/wp\/v2\/media\/1372"}],"wp:attachment":[{"href":"https:\/\/latelierdugenie.com\/wordpress\/wp-json\/wp\/v2\/media?parent=1649"}],"wp:term":[{"taxonomy":"product_brand","embeddable":true,"href":"https:\/\/latelierdugenie.com\/wordpress\/wp-json\/wp\/v2\/product_brand?post=1649"},{"taxonomy":"product_cat","embeddable":true,"href":"https:\/\/latelierdugenie.com\/wordpress\/wp-json\/wp\/v2\/product_cat?post=1649"},{"taxonomy":"product_tag","embeddable":true,"href":"https:\/\/latelierdugenie.com\/wordpress\/wp-json\/wp\/v2\/product_tag?post=1649"}],"curies":[{"name":"wp","href":"https:\/\/api.w.org\/{rel}","templated":true}]}}