{"id":1641,"date":"2024-11-11T14:41:36","date_gmt":"2024-11-11T14:41:36","guid":{"rendered":"https:\/\/latelierdugenie.com\/wordpress\/produit\/enfilade-scandinave-vintage-en-teck-2-5\/"},"modified":"2024-11-11T14:41:36","modified_gmt":"2024-11-11T14:41:36","slug":"enfilade-scandinave-vintage-en-teck-2-5","status":"publish","type":"product","link":"https:\/\/latelierdugenie.com\/wordpress\/produit\/enfilade-scandinave-vintage-en-teck-2-5\/","title":{"rendered":"Enfilade scandinave vintage en teck  (2)"},"content":{"rendered":"<p>Livraison en France et dans le monde ou retrait sur place dans l\u2019un de nos trois ateliers.<\/p>\n<p>Superbe Enfilade scandinave vintage<\/p>\n<p>Toutes nos enfilades sont soigneusement contr\u00f4l\u00e9es et restaur\u00e9es si n\u00e9cessaire et mises en excellent \u00e9tat tant du point de vue esth\u00e9tique, m\u00e9canique que structurel. En effet nous accordons une attention toute particuli\u00e8re \u00e0 leur<\/p>\n<p>structure de pi\u00e9tement, contrairement \u00e0 de nombreux vendeurs d\u2019enfilades car elle doit \u00eatre parfaite afin de soutenir un meuble de cette longueur et traverser encore de longues ann\u00e9es avec \u00e9l\u00e9gance et robustesse.<\/p>\n<p>Magnifique aspect du bois couleur marron marqu\u00e9 marron fonc\u00e9<\/p>\n<p>Pas d\u2019accroc, tache ou rayure<\/p>\n<p>Meubles scandinaves vintage<\/p>\n<p>Mobilier scandinave vintage<\/p>\n","protected":false},"excerpt":{"rendered":"<p>Livraison en France et dans le monde ou retrait sur place dans l\u2019un de nos trois ateliers. Superbe Enfilade scandinave [&hellip;]<\/p>\n","protected":false},"featured_media":1362,"comment_status":"open","ping_status":"closed","template":"","meta":{"_uag_custom_page_level_css":"","site-sidebar-layout":"default","site-content-layout":"","ast-site-content-layout":"","site-content-style":"default","site-sidebar-style":"default","ast-global-header-display":"","ast-banner-title-visibility":"","ast-main-header-display":"","ast-hfb-above-header-display":"","ast-hfb-below-header-display":"","ast-hfb-mobile-header-display":"","site-post-title":"","ast-breadcrumbs-content":"","ast-featured-img":"","footer-sml-layout":"","theme-transparent-header-meta":"","adv-header-id-meta":"","stick-header-meta":"","header-above-stick-meta":"","header-main-stick-meta":"","header-below-stick-meta":"","astra-migrate-meta-layouts":"default","ast-page-background-enabled":"default","ast-page-background-meta":{"desktop":{"background-color":"var(--ast-global-color-4)","background-image":"","background-repeat":"repeat","background-position":"center center","background-size":"auto","background-attachment":"scroll","background-type":"","background-media":"","overlay-type":"","overlay-color":"","overlay-opacity":"","overlay-gradient":""},"tablet":{"background-color":"","background-image":"","background-repeat":"repeat","background-position":"center center","background-size":"auto","background-attachment":"scroll","background-type":"","background-media":"","overlay-type":"","overlay-color":"","overlay-opacity":"","overlay-gradient":""},"mobile":{"background-color":"","background-image":"","background-repeat":"repeat","background-position":"center center","background-size":"auto","background-attachment":"scroll","background-type":"","background-media":"","overlay-type":"","overlay-color":"","overlay-opacity":"","overlay-gradient":""}},"ast-content-background-meta":{"desktop":{"background-color":"var(--ast-global-color-5)","background-image":"","background-repeat":"repeat","background-position":"center center","background-size":"auto","background-attachment":"scroll","background-type":"","background-media":"","overlay-type":"","overlay-color":"","overlay-opacity":"","overlay-gradient":""},"tablet":{"background-color":"var(--ast-global-color-5)","background-image":"","background-repeat":"repeat","background-position":"center center","background-size":"auto","background-attachment":"scroll","background-type":"","background-media":"","overlay-type":"","overlay-color":"","overlay-opacity":"","overlay-gradient":""},"mobile":{"background-color":"var(--ast-global-color-5)","background-image":"","background-repeat":"repeat","background-position":"center center","background-size":"auto","background-attachment":"scroll","background-type":"","background-media":"","overlay-type":"","overlay-color":"","overlay-opacity":"","overlay-gradient":""}}},"product_brand":[],"product_cat":[24],"product_tag":[],"class_list":{"0":"post-1641","1":"product","2":"type-product","3":"status-publish","4":"has-post-thumbnail","6":"product_cat-enfilade","7":"desktop-align-left","8":"tablet-align-left","9":"mobile-align-left","11":"first","12":"instock","13":"taxable","14":"shipping-taxable","15":"purchasable","16":"product-type-simple"},"uagb_featured_image_src":{"full":["https:\/\/latelierdugenie.com\/wordpress\/wp-content\/uploads\/2024\/10\/4fdeda92-5286-4871-93a7-a570a591b46b.jpeg",820,251,false],"thumbnail":["https:\/\/latelierdugenie.com\/wordpress\/wp-content\/uploads\/2024\/10\/4fdeda92-5286-4871-93a7-a570a591b46b-150x150.jpeg",150,150,true],"medium":["https:\/\/latelierdugenie.com\/wordpress\/wp-content\/uploads\/2024\/10\/4fdeda92-5286-4871-93a7-a570a591b46b-300x92.jpeg",300,92,true],"medium_large":["https:\/\/latelierdugenie.com\/wordpress\/wp-content\/uploads\/2024\/10\/4fdeda92-5286-4871-93a7-a570a591b46b-768x235.jpeg",768,235,true],"large":["https:\/\/latelierdugenie.com\/wordpress\/wp-content\/uploads\/2024\/10\/4fdeda92-5286-4871-93a7-a570a591b46b.jpeg",820,251,false],"1536x1536":["https:\/\/latelierdugenie.com\/wordpress\/wp-content\/uploads\/2024\/10\/4fdeda92-5286-4871-93a7-a570a591b46b.jpeg",820,251,false],"2048x2048":["https:\/\/latelierdugenie.com\/wordpress\/wp-content\/uploads\/2024\/10\/4fdeda92-5286-4871-93a7-a570a591b46b.jpeg",820,251,false],"woocommerce_thumbnail":["https:\/\/latelierdugenie.com\/wordpress\/wp-content\/uploads\/2024\/10\/4fdeda92-5286-4871-93a7-a570a591b46b-296x91.jpeg",296,91,true],"woocommerce_single":["https:\/\/latelierdugenie.com\/wordpress\/wp-content\/uploads\/2024\/10\/4fdeda92-5286-4871-93a7-a570a591b46b-600x184.jpeg",600,184,true],"woocommerce_gallery_thumbnail":["https:\/\/latelierdugenie.com\/wordpress\/wp-content\/uploads\/2024\/10\/4fdeda92-5286-4871-93a7-a570a591b46b-100x100.jpeg",100,100,true]},"uagb_author_info":{"display_name":"admin","author_link":"https:\/\/latelierdugenie.com\/wordpress\/author\/"},"uagb_comment_info":0,"uagb_excerpt":"Livraison en France et dans le monde ou retrait sur place dans l\u2019un de nos trois ateliers. Superbe Enfilade scandinave [&hellip;]","_links":{"self":[{"href":"https:\/\/latelierdugenie.com\/wordpress\/wp-json\/wp\/v2\/product\/1641","targetHints":{"allow":["GET"]}}],"collection":[{"href":"https:\/\/latelierdugenie.com\/wordpress\/wp-json\/wp\/v2\/product"}],"about":[{"href":"https:\/\/latelierdugenie.com\/wordpress\/wp-json\/wp\/v2\/types\/product"}],"replies":[{"embeddable":true,"href":"https:\/\/latelierdugenie.com\/wordpress\/wp-json\/wp\/v2\/comments?post=1641"}],"wp:featuredmedia":[{"embeddable":true,"href":"https:\/\/latelierdugenie.com\/wordpress\/wp-json\/wp\/v2\/media\/1362"}],"wp:attachment":[{"href":"https:\/\/latelierdugenie.com\/wordpress\/wp-json\/wp\/v2\/media?parent=1641"}],"wp:term":[{"taxonomy":"product_brand","embeddable":true,"href":"https:\/\/latelierdugenie.com\/wordpress\/wp-json\/wp\/v2\/product_brand?post=1641"},{"taxonomy":"product_cat","embeddable":true,"href":"https:\/\/latelierdugenie.com\/wordpress\/wp-json\/wp\/v2\/product_cat?post=1641"},{"taxonomy":"product_tag","embeddable":true,"href":"https:\/\/latelierdugenie.com\/wordpress\/wp-json\/wp\/v2\/product_tag?post=1641"}],"curies":[{"name":"wp","href":"https:\/\/api.w.org\/{rel}","templated":true}]}}