{"id":1579,"date":"2024-11-11T14:40:40","date_gmt":"2024-11-11T14:40:40","guid":{"rendered":"https:\/\/latelierdugenie.com\/wordpress\/?post_type=product&#038;p=1579"},"modified":"2024-11-11T14:40:50","modified_gmt":"2024-11-11T14:40:50","slug":"canape-en-tissu-3-places-ligne-roset","status":"publish","type":"product","link":"https:\/\/latelierdugenie.com\/wordpress\/produit\/canape-en-tissu-3-places-ligne-roset\/","title":{"rendered":"Canap\u00e9 en tissu 3 places Ligne Roset"},"content":{"rendered":"<p>Livraison en France et dans le monde ou retrait sur place dans nos l\u2019un de trois ateliers.<\/p>\n<p>Tous nos canap\u00e9s sont contr\u00f4l\u00e9s avant d&rsquo;\u00eatre livr\u00e9s en tr\u00e8s bon \u00e9tat ou excellent \u00e9tat. Pour cela certains sont enti\u00e8rement r\u00e9nov\u00e9s. Il n&rsquo;y a pas de trou, de rayure ou de tache. Leur structure m\u00e9canique et leur confort sont parfaitement v\u00e9rifi\u00e9s. Leur aspect est magnifique.<\/p>\n<p>Canap\u00e9 en tissu 3 places<\/p>\n<p>Canap\u00e9 Smala<\/p>\n<p>Canap\u00e9 Ligne Roset<\/p>\n<p>Canap\u00e9 haut de gamme<\/p>\n<p>Canap\u00e9 de qualit\u00e9<\/p>\n<p>Canap\u00e9 en textile<\/p>\n","protected":false},"excerpt":{"rendered":"<p>Livraison en France et dans le monde ou retrait sur place dans nos l\u2019un de trois ateliers. Tous nos canap\u00e9s [&hellip;]<\/p>\n","protected":false},"featured_media":1293,"comment_status":"open","ping_status":"closed","template":"","meta":{"_uag_custom_page_level_css":"","site-sidebar-layout":"default","site-content-layout":"","ast-site-content-layout":"","site-content-style":"default","site-sidebar-style":"default","ast-global-header-display":"","ast-banner-title-visibility":"","ast-main-header-display":"","ast-hfb-above-header-display":"","ast-hfb-below-header-display":"","ast-hfb-mobile-header-display":"","site-post-title":"","ast-breadcrumbs-content":"","ast-featured-img":"","footer-sml-layout":"","theme-transparent-header-meta":"","adv-header-id-meta":"","stick-header-meta":"","header-above-stick-meta":"","header-main-stick-meta":"","header-below-stick-meta":"","astra-migrate-meta-layouts":"default","ast-page-background-enabled":"default","ast-page-background-meta":{"desktop":{"background-color":"var(--ast-global-color-4)","background-image":"","background-repeat":"repeat","background-position":"center center","background-size":"auto","background-attachment":"scroll","background-type":"","background-media":"","overlay-type":"","overlay-color":"","overlay-opacity":"","overlay-gradient":""},"tablet":{"background-color":"","background-image":"","background-repeat":"repeat","background-position":"center center","background-size":"auto","background-attachment":"scroll","background-type":"","background-media":"","overlay-type":"","overlay-color":"","overlay-opacity":"","overlay-gradient":""},"mobile":{"background-color":"","background-image":"","background-repeat":"repeat","background-position":"center center","background-size":"auto","background-attachment":"scroll","background-type":"","background-media":"","overlay-type":"","overlay-color":"","overlay-opacity":"","overlay-gradient":""}},"ast-content-background-meta":{"desktop":{"background-color":"var(--ast-global-color-5)","background-image":"","background-repeat":"repeat","background-position":"center center","background-size":"auto","background-attachment":"scroll","background-type":"","background-media":"","overlay-type":"","overlay-color":"","overlay-opacity":"","overlay-gradient":""},"tablet":{"background-color":"var(--ast-global-color-5)","background-image":"","background-repeat":"repeat","background-position":"center center","background-size":"auto","background-attachment":"scroll","background-type":"","background-media":"","overlay-type":"","overlay-color":"","overlay-opacity":"","overlay-gradient":""},"mobile":{"background-color":"var(--ast-global-color-5)","background-image":"","background-repeat":"repeat","background-position":"center center","background-size":"auto","background-attachment":"scroll","background-type":"","background-media":"","overlay-type":"","overlay-color":"","overlay-opacity":"","overlay-gradient":""}}},"product_brand":[],"product_cat":[21],"product_tag":[],"class_list":{"0":"post-1579","1":"product","2":"type-product","3":"status-publish","4":"has-post-thumbnail","6":"product_cat-canape","7":"desktop-align-left","8":"tablet-align-left","9":"mobile-align-left","11":"first","12":"instock","13":"taxable","14":"shipping-taxable","15":"purchasable","16":"product-type-simple"},"uagb_featured_image_src":{"full":["https:\/\/latelierdugenie.com\/wordpress\/wp-content\/uploads\/2024\/10\/8638f0a2-cf64-4b06-8baa-4f2c60e569fc.jpeg",828,501,false],"thumbnail":["https:\/\/latelierdugenie.com\/wordpress\/wp-content\/uploads\/2024\/10\/8638f0a2-cf64-4b06-8baa-4f2c60e569fc-150x150.jpeg",150,150,true],"medium":["https:\/\/latelierdugenie.com\/wordpress\/wp-content\/uploads\/2024\/10\/8638f0a2-cf64-4b06-8baa-4f2c60e569fc-300x182.jpeg",300,182,true],"medium_large":["https:\/\/latelierdugenie.com\/wordpress\/wp-content\/uploads\/2024\/10\/8638f0a2-cf64-4b06-8baa-4f2c60e569fc-768x465.jpeg",768,465,true],"large":["https:\/\/latelierdugenie.com\/wordpress\/wp-content\/uploads\/2024\/10\/8638f0a2-cf64-4b06-8baa-4f2c60e569fc.jpeg",828,501,false],"1536x1536":["https:\/\/latelierdugenie.com\/wordpress\/wp-content\/uploads\/2024\/10\/8638f0a2-cf64-4b06-8baa-4f2c60e569fc.jpeg",828,501,false],"2048x2048":["https:\/\/latelierdugenie.com\/wordpress\/wp-content\/uploads\/2024\/10\/8638f0a2-cf64-4b06-8baa-4f2c60e569fc.jpeg",828,501,false],"woocommerce_thumbnail":["https:\/\/latelierdugenie.com\/wordpress\/wp-content\/uploads\/2024\/10\/8638f0a2-cf64-4b06-8baa-4f2c60e569fc-296x179.jpeg",296,179,true],"woocommerce_single":["https:\/\/latelierdugenie.com\/wordpress\/wp-content\/uploads\/2024\/10\/8638f0a2-cf64-4b06-8baa-4f2c60e569fc-600x363.jpeg",600,363,true],"woocommerce_gallery_thumbnail":["https:\/\/latelierdugenie.com\/wordpress\/wp-content\/uploads\/2024\/10\/8638f0a2-cf64-4b06-8baa-4f2c60e569fc-100x100.jpeg",100,100,true]},"uagb_author_info":{"display_name":"admin","author_link":"https:\/\/latelierdugenie.com\/wordpress\/author\/"},"uagb_comment_info":0,"uagb_excerpt":"Livraison en France et dans le monde ou retrait sur place dans nos l\u2019un de trois ateliers. Tous nos canap\u00e9s [&hellip;]","_links":{"self":[{"href":"https:\/\/latelierdugenie.com\/wordpress\/wp-json\/wp\/v2\/product\/1579","targetHints":{"allow":["GET"]}}],"collection":[{"href":"https:\/\/latelierdugenie.com\/wordpress\/wp-json\/wp\/v2\/product"}],"about":[{"href":"https:\/\/latelierdugenie.com\/wordpress\/wp-json\/wp\/v2\/types\/product"}],"replies":[{"embeddable":true,"href":"https:\/\/latelierdugenie.com\/wordpress\/wp-json\/wp\/v2\/comments?post=1579"}],"wp:featuredmedia":[{"embeddable":true,"href":"https:\/\/latelierdugenie.com\/wordpress\/wp-json\/wp\/v2\/media\/1293"}],"wp:attachment":[{"href":"https:\/\/latelierdugenie.com\/wordpress\/wp-json\/wp\/v2\/media?parent=1579"}],"wp:term":[{"taxonomy":"product_brand","embeddable":true,"href":"https:\/\/latelierdugenie.com\/wordpress\/wp-json\/wp\/v2\/product_brand?post=1579"},{"taxonomy":"product_cat","embeddable":true,"href":"https:\/\/latelierdugenie.com\/wordpress\/wp-json\/wp\/v2\/product_cat?post=1579"},{"taxonomy":"product_tag","embeddable":true,"href":"https:\/\/latelierdugenie.com\/wordpress\/wp-json\/wp\/v2\/product_tag?post=1579"}],"curies":[{"name":"wp","href":"https:\/\/api.w.org\/{rel}","templated":true}]}}