{"id":1559,"date":"2024-11-11T14:40:21","date_gmt":"2024-11-11T14:40:21","guid":{"rendered":"https:\/\/latelierdugenie.com\/wordpress\/produit\/armoire-2\/"},"modified":"2024-11-11T14:40:22","modified_gmt":"2024-11-11T14:40:22","slug":"armoire-2","status":"publish","type":"product","link":"https:\/\/latelierdugenie.com\/wordpress\/produit\/armoire-2\/","title":{"rendered":"Armoire"},"content":{"rendered":"<p>Livraison en France et dans le monde ou retrait sur place dans nos l\u2019un de trois ateliers.<\/p>\n<p>Toutes nos armoires sont contr\u00f4l\u00e9s avant d&rsquo;\u00eatre livr\u00e9s en tr\u00e8s bon \u00e9tat ou excellent \u00e9tat. Pour cela certains sont enti\u00e8rement r\u00e9nov\u00e9s. Il n&rsquo;y a pas de trou, de rayure ou de tache. Leur structure et leur confort sont soigneusement v\u00e9rifi\u00e9s. Leur aspect est magnifique.<\/p>\n<p><\/p>\n","protected":false},"excerpt":{"rendered":"<p>Livraison en France et dans le monde ou retrait sur place dans nos l\u2019un de trois ateliers. Toutes nos armoires [&hellip;]<\/p>\n","protected":false},"featured_media":1418,"comment_status":"open","ping_status":"closed","template":"","meta":{"_uag_custom_page_level_css":"","site-sidebar-layout":"default","site-content-layout":"","ast-site-content-layout":"","site-content-style":"default","site-sidebar-style":"default","ast-global-header-display":"","ast-banner-title-visibility":"","ast-main-header-display":"","ast-hfb-above-header-display":"","ast-hfb-below-header-display":"","ast-hfb-mobile-header-display":"","site-post-title":"","ast-breadcrumbs-content":"","ast-featured-img":"","footer-sml-layout":"","theme-transparent-header-meta":"","adv-header-id-meta":"","stick-header-meta":"","header-above-stick-meta":"","header-main-stick-meta":"","header-below-stick-meta":"","astra-migrate-meta-layouts":"default","ast-page-background-enabled":"default","ast-page-background-meta":{"desktop":{"background-color":"var(--ast-global-color-4)","background-image":"","background-repeat":"repeat","background-position":"center center","background-size":"auto","background-attachment":"scroll","background-type":"","background-media":"","overlay-type":"","overlay-color":"","overlay-opacity":"","overlay-gradient":""},"tablet":{"background-color":"","background-image":"","background-repeat":"repeat","background-position":"center center","background-size":"auto","background-attachment":"scroll","background-type":"","background-media":"","overlay-type":"","overlay-color":"","overlay-opacity":"","overlay-gradient":""},"mobile":{"background-color":"","background-image":"","background-repeat":"repeat","background-position":"center center","background-size":"auto","background-attachment":"scroll","background-type":"","background-media":"","overlay-type":"","overlay-color":"","overlay-opacity":"","overlay-gradient":""}},"ast-content-background-meta":{"desktop":{"background-color":"var(--ast-global-color-5)","background-image":"","background-repeat":"repeat","background-position":"center center","background-size":"auto","background-attachment":"scroll","background-type":"","background-media":"","overlay-type":"","overlay-color":"","overlay-opacity":"","overlay-gradient":""},"tablet":{"background-color":"var(--ast-global-color-5)","background-image":"","background-repeat":"repeat","background-position":"center center","background-size":"auto","background-attachment":"scroll","background-type":"","background-media":"","overlay-type":"","overlay-color":"","overlay-opacity":"","overlay-gradient":""},"mobile":{"background-color":"var(--ast-global-color-5)","background-image":"","background-repeat":"repeat","background-position":"center center","background-size":"auto","background-attachment":"scroll","background-type":"","background-media":"","overlay-type":"","overlay-color":"","overlay-opacity":"","overlay-gradient":""}}},"product_brand":[],"product_cat":[26],"product_tag":[],"class_list":{"0":"post-1559","1":"product","2":"type-product","3":"status-publish","4":"has-post-thumbnail","6":"product_cat-armoire","7":"desktop-align-left","8":"tablet-align-left","9":"mobile-align-left","11":"first","12":"instock","13":"taxable","14":"shipping-taxable","15":"purchasable","16":"product-type-simple"},"uagb_featured_image_src":{"full":["https:\/\/latelierdugenie.com\/wordpress\/wp-content\/uploads\/2024\/11\/cec93b88-d14b-463b-9f78-2a050eec1384.jpeg",531,610,false],"thumbnail":["https:\/\/latelierdugenie.com\/wordpress\/wp-content\/uploads\/2024\/11\/cec93b88-d14b-463b-9f78-2a050eec1384-150x150.jpeg",150,150,true],"medium":["https:\/\/latelierdugenie.com\/wordpress\/wp-content\/uploads\/2024\/11\/cec93b88-d14b-463b-9f78-2a050eec1384-261x300.jpeg",261,300,true],"medium_large":["https:\/\/latelierdugenie.com\/wordpress\/wp-content\/uploads\/2024\/11\/cec93b88-d14b-463b-9f78-2a050eec1384.jpeg",531,610,false],"large":["https:\/\/latelierdugenie.com\/wordpress\/wp-content\/uploads\/2024\/11\/cec93b88-d14b-463b-9f78-2a050eec1384.jpeg",531,610,false],"1536x1536":["https:\/\/latelierdugenie.com\/wordpress\/wp-content\/uploads\/2024\/11\/cec93b88-d14b-463b-9f78-2a050eec1384.jpeg",531,610,false],"2048x2048":["https:\/\/latelierdugenie.com\/wordpress\/wp-content\/uploads\/2024\/11\/cec93b88-d14b-463b-9f78-2a050eec1384.jpeg",531,610,false],"woocommerce_thumbnail":["https:\/\/latelierdugenie.com\/wordpress\/wp-content\/uploads\/2024\/11\/cec93b88-d14b-463b-9f78-2a050eec1384-296x340.jpeg",296,340,true],"woocommerce_single":["https:\/\/latelierdugenie.com\/wordpress\/wp-content\/uploads\/2024\/11\/cec93b88-d14b-463b-9f78-2a050eec1384.jpeg",531,610,false],"woocommerce_gallery_thumbnail":["https:\/\/latelierdugenie.com\/wordpress\/wp-content\/uploads\/2024\/11\/cec93b88-d14b-463b-9f78-2a050eec1384-100x100.jpeg",100,100,true]},"uagb_author_info":{"display_name":"admin","author_link":"https:\/\/latelierdugenie.com\/wordpress\/author\/"},"uagb_comment_info":0,"uagb_excerpt":"Livraison en France et dans le monde ou retrait sur place dans nos l\u2019un de trois ateliers. Toutes nos armoires [&hellip;]","_links":{"self":[{"href":"https:\/\/latelierdugenie.com\/wordpress\/wp-json\/wp\/v2\/product\/1559","targetHints":{"allow":["GET"]}}],"collection":[{"href":"https:\/\/latelierdugenie.com\/wordpress\/wp-json\/wp\/v2\/product"}],"about":[{"href":"https:\/\/latelierdugenie.com\/wordpress\/wp-json\/wp\/v2\/types\/product"}],"replies":[{"embeddable":true,"href":"https:\/\/latelierdugenie.com\/wordpress\/wp-json\/wp\/v2\/comments?post=1559"}],"wp:featuredmedia":[{"embeddable":true,"href":"https:\/\/latelierdugenie.com\/wordpress\/wp-json\/wp\/v2\/media\/1418"}],"wp:attachment":[{"href":"https:\/\/latelierdugenie.com\/wordpress\/wp-json\/wp\/v2\/media?parent=1559"}],"wp:term":[{"taxonomy":"product_brand","embeddable":true,"href":"https:\/\/latelierdugenie.com\/wordpress\/wp-json\/wp\/v2\/product_brand?post=1559"},{"taxonomy":"product_cat","embeddable":true,"href":"https:\/\/latelierdugenie.com\/wordpress\/wp-json\/wp\/v2\/product_cat?post=1559"},{"taxonomy":"product_tag","embeddable":true,"href":"https:\/\/latelierdugenie.com\/wordpress\/wp-json\/wp\/v2\/product_tag?post=1559"}],"curies":[{"name":"wp","href":"https:\/\/api.w.org\/{rel}","templated":true}]}}