{"id":45,"date":"2024-10-24T13:06:46","date_gmt":"2024-10-24T13:06:46","guid":{"rendered":"https:\/\/latelierdugenie.com\/wordpress\/index.php\/offerings\/"},"modified":"2024-10-24T13:06:56","modified_gmt":"2024-10-24T13:06:56","slug":"offerings","status":"publish","type":"page","link":"https:\/\/latelierdugenie.com\/wordpress\/offerings\/","title":{"rendered":"Offerings"},"content":{"rendered":"\n<div class=\"wp-block-uagb-container uagb-block-c61f8af5 alignfull uagb-is-root-container\"><div class=\"uagb-container-inner-blocks-wrap\">\n<div class=\"wp-block-uagb-advanced-heading uagb-block-a9f61422\"><h1 class=\"uagb-heading-text\">D\u00e9couvrez notre mobilier d&rsquo;int\u00e9rieur<\/h1><\/div>\n<\/div><\/div>\n\n\n\n<div class=\"wp-block-uagb-container uagb-block-d5a4d08b alignfull uagb-is-root-container\"><div class=\"uagb-container-inner-blocks-wrap\">\n<div class=\"wp-block-uagb-advanced-heading uagb-block-72cf41da\"><h2 class=\"uagb-heading-text\">L&rsquo;Atelier Du G\u00e9nie propose une collection exquise de meubles de luxe, alliant design et mat\u00e9riaux nobles. Explorez notre gamme unique et trouvez le meuble parfait pour sublimer votre int\u00e9rieur.<\/h2><div class=\"uagb-separator\"><\/div><\/div>\n\n\n\n<div class=\"wp-block-uagb-container uagb-block-1566550c\">\n<div class=\"wp-block-uagb-container uagb-block-edcdc1f2\">\n<div class=\"wp-block-uagb-image alignleft uagb-block-1b238a99 wp-block-uagb-image--layout-default wp-block-uagb-image--effect-static wp-block-uagb-image--align-left\"><figure class=\"wp-block-uagb-image__figure\"><img decoding=\"async\" srcset=\"https:\/\/latelierdugenie.com\/wordpress\/wp-content\/uploads\/2024\/10\/pexels-photo-1457842.jpeg ,https:\/\/latelierdugenie.com\/wordpress\/wp-content\/uploads\/2024\/10\/pexels-photo-1457842.jpeg 780w, https:\/\/latelierdugenie.com\/wordpress\/wp-content\/uploads\/2024\/10\/pexels-photo-1457842.jpeg 360w\" sizes=\"auto, (max-width: 480px) 150px\" src=\"https:\/\/latelierdugenie.com\/wordpress\/wp-content\/uploads\/2024\/10\/pexels-photo-1457842.jpeg\" alt=\"\" class=\"uag-image-23\" width=\"360\" height=\"300\" title=\"\" loading=\"lazy\" role=\"img\"\/><\/figure><\/div>\n<\/div>\n\n\n\n<div class=\"wp-block-uagb-container uagb-block-617ff4d0\">\n<div class=\"wp-block-uagb-advanced-heading uagb-block-27006203\"><h3 class=\"uagb-heading-text\">Canap\u00e9s Haut de Gamme<\/h3><div class=\"uagb-separator\"><\/div><p class=\"uagb-desc-text\">\u00c9l\u00e9gance et confort r\u00e9unis.<\/p><\/div>\n\n\n\n<div class=\"wp-block-uagb-info-box uagb-block-d67bb4e5 uagb-infobox__content-wrap  uagb-infobox-icon-above-title uagb-infobox-image-valign-top\"><div class=\"uagb-ifb-content\"><div class=\"uagb-ifb-title-wrap\"><p class=\"uagb-ifb-title\">Nos canap\u00e9s sont con\u00e7us avec le plus grand soin, en utilisant des mat\u00e9riaux luxueux pour un confort optimal. Chaque pi\u00e8ce incarne un style raffin\u00e9 et intemporel.<\/p><\/div><p class=\"uagb-ifb-desc\">Choisissez parmi une vari\u00e9t\u00e9 de designs audacieux et classiques, destin\u00e9s \u00e0 embellir votre espace de vie.<\/p><\/div><\/div>\n<\/div>\n<\/div>\n\n\n\n<div class=\"wp-block-uagb-container uagb-block-fdd24d60\">\n<div class=\"wp-block-uagb-container uagb-block-97eb2bb1\">\n<div class=\"wp-block-uagb-image alignleft uagb-block-5639a440 wp-block-uagb-image--layout-default wp-block-uagb-image--effect-static wp-block-uagb-image--align-left\"><figure class=\"wp-block-uagb-image__figure\"><img decoding=\"async\" srcset=\"https:\/\/latelierdugenie.com\/wordpress\/wp-content\/uploads\/2024\/10\/pexels-photo-2227832.jpeg ,https:\/\/latelierdugenie.com\/wordpress\/wp-content\/uploads\/2024\/10\/pexels-photo-2227832.jpeg 780w, https:\/\/latelierdugenie.com\/wordpress\/wp-content\/uploads\/2024\/10\/pexels-photo-2227832.jpeg 360w\" sizes=\"auto, (max-width: 480px) 150px\" src=\"https:\/\/latelierdugenie.com\/wordpress\/wp-content\/uploads\/2024\/10\/pexels-photo-2227832.jpeg\" alt=\"\" class=\"uag-image-24\" width=\"360\" height=\"300\" title=\"\" loading=\"lazy\" role=\"img\"\/><\/figure><\/div>\n<\/div>\n\n\n\n<div class=\"wp-block-uagb-container uagb-block-2998277e\">\n<div class=\"wp-block-uagb-advanced-heading uagb-block-97560d77\"><h3 class=\"uagb-heading-text\">Tables Distingu\u00e9es<\/h3><div class=\"uagb-separator\"><\/div><p class=\"uagb-desc-text\">L&rsquo;art de la table rehauss\u00e9.<\/p><\/div>\n\n\n\n<div class=\"wp-block-uagb-info-box uagb-block-8fb21d3b uagb-infobox__content-wrap  uagb-infobox-icon-above-title uagb-infobox-image-valign-top\"><div class=\"uagb-ifb-content\"><div class=\"uagb-ifb-title-wrap\"><p class=\"uagb-ifb-title\">Nos tables sont v\u00e9ritables \u0153uvres d&rsquo;art, cr\u00e9\u00e9es \u00e0 partir de mat\u00e9riaux pr\u00e9cieux comme le marbre et le bois massif. Elles ajoutent une touche splendide \u00e0 tout environnement.<\/p><\/div><p class=\"uagb-ifb-desc\">Que ce soit pour les repas ou le travail, chaque table est con\u00e7ue pour offrir une fonctionnalit\u00e9 sans compromettre l&rsquo;esth\u00e9tique.<\/p><\/div><\/div>\n<\/div>\n<\/div>\n\n\n\n<div class=\"wp-block-uagb-container uagb-block-89e12639\">\n<div class=\"wp-block-uagb-container uagb-block-b07905f5\">\n<div class=\"wp-block-uagb-image alignleft uagb-block-699d7ada wp-block-uagb-image--layout-default wp-block-uagb-image--effect-static wp-block-uagb-image--align-left\"><figure class=\"wp-block-uagb-image__figure\"><img decoding=\"async\" srcset=\"https:\/\/latelierdugenie.com\/wordpress\/wp-content\/uploads\/2024\/10\/pexels-photo-6800945.jpeg ,https:\/\/latelierdugenie.com\/wordpress\/wp-content\/uploads\/2024\/10\/pexels-photo-6800945.jpeg 780w, https:\/\/latelierdugenie.com\/wordpress\/wp-content\/uploads\/2024\/10\/pexels-photo-6800945.jpeg 360w\" sizes=\"auto, (max-width: 480px) 150px\" src=\"https:\/\/latelierdugenie.com\/wordpress\/wp-content\/uploads\/2024\/10\/pexels-photo-6800945.jpeg\" alt=\"\" class=\"uag-image-25\" width=\"360\" height=\"300\" title=\"\" loading=\"lazy\" role=\"img\"\/><\/figure><\/div>\n<\/div>\n\n\n\n<div class=\"wp-block-uagb-container uagb-block-52b4693d\">\n<div class=\"wp-block-uagb-advanced-heading uagb-block-6d350afc\"><h3 class=\"uagb-heading-text\">Luminaires \u00c9l\u00e9gants<\/h3><div class=\"uagb-separator\"><\/div><p class=\"uagb-desc-text\">Illuminez votre espace avec style.<\/p><\/div>\n\n\n\n<div class=\"wp-block-uagb-info-box uagb-block-3e2c37a0 uagb-infobox__content-wrap  uagb-infobox-icon-above-title uagb-infobox-image-valign-top\"><div class=\"uagb-ifb-content\"><div class=\"uagb-ifb-title-wrap\"><p class=\"uagb-ifb-title\">Nos luminaires m\u00ealent innovation et design, offrant une lumi\u00e8re chaleureuse pour votre int\u00e9rieur. Chaque pi\u00e8ce est s\u00e9lectionn\u00e9e pour son allure unique et sa qualit\u00e9 sup\u00e9rieure.<\/p><\/div><p class=\"uagb-ifb-desc\">Transformez votre maison en un espace lumineux et accueillant avec notre s\u00e9lection de luminaires raffin\u00e9s.<\/p><\/div><\/div>\n<\/div>\n<\/div>\n<\/div><\/div>\n\n\n\n<div class=\"wp-block-uagb-container uagb-block-b5f2dd4a alignfull uagb-is-root-container\"><div class=\"uagb-container-inner-blocks-wrap\">\n<div class=\"wp-block-uagb-container uagb-block-50082671\">\n<div class=\"wp-block-uagb-info-box uagb-block-8768d98f uagb-infobox__content-wrap  uagb-infobox-icon-above-title uagb-infobox-image-valign-top wp-block-uagb-info-box--has-margin\"><div class=\"uagb-infobox-margin-wrapper\"><div class=\"uagb-ifb-content\"><div class=\"uagb-ifb-title-wrap\"><h2 class=\"uagb-ifb-title\">Transformez votre espace d\u00e8s maintenant<\/h2><\/div><p class=\"uagb-ifb-desc\">Rejoignez-nous et explorez notre s\u00e9lection de meubles haut de gamme qui rehausseront l&rsquo;attrait de votre int\u00e9rieur.<\/p><div class=\"uagb-ifb-button-wrapper wp-block-button\"><a href=\"boutique\/\" class=\"uagb-infobox-cta-link wp-block-button__link\" target=\"_self\" rel=\"noopener noreferrer\" onclick=\"return true;\"><span class=\"uagb-inline-editing\">Explorez notre boutique<\/span><\/a><\/div><\/div><\/div><\/div>\n<\/div>\n<\/div><\/div>\n","protected":false},"excerpt":{"rendered":"<p>D\u00e9couvrez notre mobilier d&rsquo;int\u00e9rieur L&rsquo;Atelier Du G\u00e9nie propose une collection exquise de meubles de luxe, alliant design et mat\u00e9riaux nobles. [&hellip;]<\/p>\n","protected":false},"author":1,"featured_media":0,"parent":0,"menu_order":0,"comment_status":"closed","ping_status":"closed","template":"","meta":{"_uag_custom_page_level_css":"","site-sidebar-layout":"default","site-content-layout":"plain-container","ast-site-content-layout":"default","site-content-style":"default","site-sidebar-style":"default","ast-global-header-display":"","ast-banner-title-visibility":"","ast-main-header-display":"","ast-hfb-above-header-display":"","ast-hfb-below-header-display":"","ast-hfb-mobile-header-display":"","site-post-title":"disabled","ast-breadcrumbs-content":"","ast-featured-img":"","footer-sml-layout":"","theme-transparent-header-meta":"default","adv-header-id-meta":"","stick-header-meta":"","header-above-stick-meta":"","header-main-stick-meta":"","header-below-stick-meta":"","astra-migrate-meta-layouts":"set","ast-page-background-enabled":"default","ast-page-background-meta":{"desktop":{"background-color":"var(--ast-global-color-4)","background-image":"","background-repeat":"repeat","background-position":"center center","background-size":"auto","background-attachment":"scroll","background-type":"","background-media":"","overlay-type":"","overlay-color":"","overlay-opacity":"","overlay-gradient":""},"tablet":{"background-color":"","background-image":"","background-repeat":"repeat","background-position":"center center","background-size":"auto","background-attachment":"scroll","background-type":"","background-media":"","overlay-type":"","overlay-color":"","overlay-opacity":"","overlay-gradient":""},"mobile":{"background-color":"","background-image":"","background-repeat":"repeat","background-position":"center center","background-size":"auto","background-attachment":"scroll","background-type":"","background-media":"","overlay-type":"","overlay-color":"","overlay-opacity":"","overlay-gradient":""}},"ast-content-background-meta":{"desktop":{"background-color":"var(--ast-global-color-5)","background-image":"","background-repeat":"repeat","background-position":"center center","background-size":"auto","background-attachment":"scroll","background-type":"","background-media":"","overlay-type":"","overlay-color":"","overlay-opacity":"","overlay-gradient":""},"tablet":{"background-color":"var(--ast-global-color-5)","background-image":"","background-repeat":"repeat","background-position":"center center","background-size":"auto","background-attachment":"scroll","background-type":"","background-media":"","overlay-type":"","overlay-color":"","overlay-opacity":"","overlay-gradient":""},"mobile":{"background-color":"var(--ast-global-color-5)","background-image":"","background-repeat":"repeat","background-position":"center center","background-size":"auto","background-attachment":"scroll","background-type":"","background-media":"","overlay-type":"","overlay-color":"","overlay-opacity":"","overlay-gradient":""}},"footnotes":""},"class_list":["post-45","page","type-page","status-publish","hentry"],"uagb_featured_image_src":{"full":false,"thumbnail":false,"medium":false,"medium_large":false,"large":false,"1536x1536":false,"2048x2048":false,"woocommerce_thumbnail":false,"woocommerce_single":false,"woocommerce_gallery_thumbnail":false},"uagb_author_info":{"display_name":"admin","author_link":"https:\/\/latelierdugenie.com\/wordpress\/author\/latelierdugenie\/"},"uagb_comment_info":0,"uagb_excerpt":"D\u00e9couvrez notre mobilier d&rsquo;int\u00e9rieur L&rsquo;Atelier Du G\u00e9nie propose une collection exquise de meubles de luxe, alliant design et mat\u00e9riaux nobles. [&hellip;]","_links":{"self":[{"href":"https:\/\/latelierdugenie.com\/wordpress\/wp-json\/wp\/v2\/pages\/45","targetHints":{"allow":["GET"]}}],"collection":[{"href":"https:\/\/latelierdugenie.com\/wordpress\/wp-json\/wp\/v2\/pages"}],"about":[{"href":"https:\/\/latelierdugenie.com\/wordpress\/wp-json\/wp\/v2\/types\/page"}],"author":[{"embeddable":true,"href":"https:\/\/latelierdugenie.com\/wordpress\/wp-json\/wp\/v2\/users\/1"}],"replies":[{"embeddable":true,"href":"https:\/\/latelierdugenie.com\/wordpress\/wp-json\/wp\/v2\/comments?post=45"}],"version-history":[{"count":2,"href":"https:\/\/latelierdugenie.com\/wordpress\/wp-json\/wp\/v2\/pages\/45\/revisions"}],"predecessor-version":[{"id":1149,"href":"https:\/\/latelierdugenie.com\/wordpress\/wp-json\/wp\/v2\/pages\/45\/revisions\/1149"}],"wp:attachment":[{"href":"https:\/\/latelierdugenie.com\/wordpress\/wp-json\/wp\/v2\/media?parent=45"}],"curies":[{"name":"wp","href":"https:\/\/api.w.org\/{rel}","templated":true}]}}