{"id":44,"date":"2024-10-24T13:06:45","date_gmt":"2024-10-24T13:06:45","guid":{"rendered":"https:\/\/latelierdugenie.com\/wordpress\/index.php\/about\/"},"modified":"2024-11-23T09:47:11","modified_gmt":"2024-11-23T09:47:11","slug":"about","status":"publish","type":"page","link":"https:\/\/latelierdugenie.com\/wordpress\/about\/","title":{"rendered":"\u00c0 propos"},"content":{"rendered":"\n<div class=\"wp-block-uagb-container uagb-block-c61f8af5 alignfull uagb-is-root-container\"><div class=\"uagb-container-inner-blocks-wrap\">\n<div class=\"wp-block-uagb-advanced-heading uagb-block-a9f61422\"><h1 class=\"uagb-heading-text\" style=\"font-size: 2em;\">\u00c0 propos de L&rsquo;Atelier<\/h1><\/div>\n<\/div><\/div>\n\n\n\n<div class=\"wp-block-uagb-container uagb-block-828d2bae alignfull uagb-is-root-container\"><div class=\"uagb-container-inner-blocks-wrap\">\n<div class=\"wp-block-uagb-advanced-heading uagb-block-f024830a\"><p class=\"uagb-heading-text\">Fort d&rsquo;une expertise in\u00e9gal\u00e9e dans le secteur du luxe, notre \u00e9quipe passionn\u00e9e travaille avec des designers renomm\u00e9s. Nous nous engageons \u00e0 offrir des produits qui d\u00e9passent les standards de qualit\u00e9. Notre connaissance approfondie des tendances du design d&rsquo;int\u00e9rieur nous permet de rester \u00e0 la pointe de l&rsquo;innovation.<\/p><\/div>\n\n\n\n<div class=\"wp-block-uagb-container uagb-block-bf9fc09d\">\n<div class=\"wp-block-uagb-container uagb-block-123b638b\">\n<div class=\"wp-block-uagb-image alignleft uagb-block-5cf4d5d4 wp-block-uagb-image--layout-default wp-block-uagb-image--effect-static wp-block-uagb-image--align-left\"><figure class=\"wp-block-uagb-image__figure\"><img decoding=\"async\" srcset=\"https:\/\/latelierdugenie.com\/wordpress\/wp-content\/uploads\/2024\/10\/pexels-photo-2343468.jpeg ,https:\/\/latelierdugenie.com\/wordpress\/wp-content\/uploads\/2024\/10\/pexels-photo-2343468.jpeg 780w, https:\/\/latelierdugenie.com\/wordpress\/wp-content\/uploads\/2024\/10\/pexels-photo-2343468.jpeg 360w\" sizes=\"auto, (max-width: 480px) 150px\" src=\"https:\/\/latelierdugenie.com\/wordpress\/wp-content\/uploads\/2024\/10\/pexels-photo-2343468.jpeg\" alt=\"\" class=\"uag-image-26\" width=\"468\" height=\"400\" title=\"\" loading=\"lazy\" role=\"img\"\/><\/figure><\/div>\n<\/div>\n\n\n\n<div class=\"wp-block-uagb-container uagb-block-d65ea7f2\">\n<div class=\"wp-block-uagb-advanced-heading uagb-block-c7f4308f\"><p class=\"uagb-heading-text\">Notre motivation repose sur la qu\u00eate de l&rsquo;\u00e9l\u00e9gance et du raffinement. Chaque produit que nous proposons incarne notre passion pour le beau et le durable. Nous croyons fermement en l&rsquo;importance des d\u00e9tails, qui font toute la diff\u00e9rence dans l&rsquo;art de vivre.<\/p><p class=\"uagb-desc-text\">Nous avons le privil\u00e8ge de servir une client\u00e8le prestigieuse, compos\u00e9e d&rsquo;amateurs de luxe et de design. Nos clients appr\u00e9cient la qualit\u00e9 in\u00e9gal\u00e9e et l&rsquo;exclusivit\u00e9 de nos cr\u00e9ations. Leur satisfaction est notre priorit\u00e9, et nous sommes engag\u00e9s \u00e0 \u00e9tablir des relations durables.<\/p><\/div>\n<\/div>\n<\/div>\n<\/div><\/div>\n\n\n\n<div class=\"wp-block-uagb-container uagb-block-79cf241d alignfull uagb-is-root-container\"><div class=\"uagb-container-inner-blocks-wrap\">\n<div class=\"wp-block-uagb-advanced-heading uagb-block-5ad12d8d\"><h3 class=\"uagb-heading-text\">Choisissez l&rsquo;\u00e9l\u00e9gance pour votre int\u00e9rieur aujourd&rsquo;hui !<\/h3><\/div>\n\n\n\n<div class=\"wp-block-uagb-buttons uagb-buttons__outer-wrap uagb-btn__default-btn uagb-btn-tablet__default-btn uagb-btn-mobile__default-btn uagb-block-d0d5ca1d\"><div class=\"uagb-buttons__wrap uagb-buttons-layout-wrap \">\n<div class=\"wp-block-uagb-buttons-child uagb-buttons__outer-wrap uagb-block-9f80772e wp-block-button\"><div class=\"uagb-button__wrapper\"><a class=\"uagb-buttons-repeater wp-block-button__link\" aria-label=\"\" href=\"contact\/\" rel=\"follow noopener\" target=\"_self\" role=\"button\"><div class=\"uagb-button__link\">Contacter nos services<\/div><\/a><\/div><\/div>\n<\/div><\/div>\n<\/div><\/div>\n\n\n\n<div class=\"wp-block-uagb-container uagb-layout-grid uagb-block-610697dd alignfull uagb-is-root-container\"><div class=\"uagb-container-inner-blocks-wrap\">\n<div class=\"wp-block-uagb-container uagb-block-69f37cc4\">\n<div class=\"wp-block-uagb-advanced-heading uagb-block-d05c151e\"><h2 class=\"uagb-heading-text\">Nos Valeurs<\/h2><p class=\"uagb-desc-text\">D\u00e9couvrez les principes qui guident notre travail et notre engagement envers nos clients.<\/p><\/div>\n\n\n\n<div class=\"wp-block-uagb-image uagb-block-2ec2b5dd wp-block-uagb-image--layout-default wp-block-uagb-image--effect-static wp-block-uagb-image--align-none\"><figure class=\"wp-block-uagb-image__figure\"><img decoding=\"async\" srcset=\"https:\/\/latelierdugenie.com\/wordpress\/wp-content\/uploads\/2024\/11\/pexels-photo-2995012-2995012-2-683x1024.jpg ,https:\/\/latelierdugenie.com\/wordpress\/wp-content\/uploads\/2024\/11\/pexels-photo-2995012-2995012-2-scaled.jpg 780w, https:\/\/latelierdugenie.com\/wordpress\/wp-content\/uploads\/2024\/11\/pexels-photo-2995012-2995012-2-scaled.jpg 360w\" sizes=\"auto, (max-width: 480px) 150px\" src=\"https:\/\/latelierdugenie.com\/wordpress\/wp-content\/uploads\/2024\/11\/pexels-photo-2995012-2995012-2-683x1024.jpg\" alt=\"Empty White Chairs Beside Table\" class=\"uag-image-1392\" width=\"450\" height=\"500\" title=\"pexels-photo-2995012-2995012-2\" loading=\"lazy\" role=\"img\"\/><\/figure><\/div>\n<\/div>\n\n\n\n<div class=\"wp-block-uagb-container uagb-block-ba2de339\">\n<div class=\"wp-block-uagb-container uagb-block-bc30d310\">\n<div class=\"wp-block-uagb-advanced-heading uagb-block-55582f47\"><h3 class=\"uagb-heading-text\">Excellence<\/h3><p class=\"uagb-desc-text\">Nous visons l&rsquo;excellence dans chaque aspect de notre offre. Chaque produit est s\u00e9lectionn\u00e9 avec soin pour garantir la plus haute qualit\u00e9.<\/p><div class=\"uagb-separator\"><\/div><\/div>\n<\/div>\n\n\n\n<div class=\"wp-block-uagb-container uagb-block-f6ed2cec\">\n<div class=\"wp-block-uagb-advanced-heading uagb-block-84914ac1\"><h3 class=\"uagb-heading-text\">Innovation<\/h3><p class=\"uagb-desc-text\">Nous sommes en constante recherche d&rsquo;innovation pour rester \u00e0 la pointe du design. Chaque saison, nous renouvelons notre collection avec des pi\u00e8ces uniques.<\/p><div class=\"uagb-separator\"><\/div><\/div>\n<\/div>\n\n\n\n<div class=\"wp-block-uagb-container uagb-block-513ad3e0\">\n<div class=\"wp-block-uagb-advanced-heading uagb-block-90ff965c\"><h3 class=\"uagb-heading-text\">Engagement<\/h3><p class=\"uagb-desc-text\">Nous sommes engag\u00e9s envers nos clients et notre environnement. Notre \u00e9thique professionnelle se refl\u00e8te dans chaque relation que nous construisons.<\/p><\/div>\n<\/div>\n<\/div>\n<\/div><\/div>\n\n\n\n<div class=\"wp-block-uagb-container uagb-block-b5f2dd4a alignfull uagb-is-root-container\"><div class=\"uagb-container-inner-blocks-wrap\">\n<div class=\"wp-block-uagb-container uagb-block-50082671\">\n<div class=\"wp-block-uagb-info-box uagb-block-8768d98f uagb-infobox__content-wrap  uagb-infobox-icon-above-title uagb-infobox-image-valign-top wp-block-uagb-info-box--has-margin\"><div class=\"uagb-infobox-margin-wrapper\"><div class=\"uagb-ifb-content\"><div class=\"uagb-ifb-title-wrap\"><h2 class=\"uagb-ifb-title\">Transformez votre espace d\u00e8s maintenant<\/h2><\/div><p class=\"uagb-ifb-desc\">Rejoignez-nous et explorez notre s\u00e9lection de meubles haut de gamme qui rehausseront l&rsquo;attrait de votre int\u00e9rieur.<\/p><div class=\"uagb-ifb-button-wrapper wp-block-button\"><a href=\"boutique\/\" class=\"uagb-infobox-cta-link wp-block-button__link\" target=\"_self\" rel=\"noopener noreferrer\" onclick=\"return true;\"><span class=\"uagb-inline-editing\">Explorez notre boutique<\/span><\/a><\/div><\/div><\/div><\/div>\n<\/div>\n<\/div><\/div>\n","protected":false},"excerpt":{"rendered":"<p>\u00c0 propos de L&rsquo;Atelier Fort d&rsquo;une expertise in\u00e9gal\u00e9e dans le secteur du luxe, notre \u00e9quipe passionn\u00e9e travaille avec des designers [&hellip;]<\/p>\n","protected":false},"author":1,"featured_media":0,"parent":0,"menu_order":0,"comment_status":"closed","ping_status":"closed","template":"","meta":{"_uag_custom_page_level_css":"","site-sidebar-layout":"default","site-content-layout":"","ast-site-content-layout":"default","site-content-style":"default","site-sidebar-style":"default","ast-global-header-display":"","ast-banner-title-visibility":"","ast-main-header-display":"","ast-hfb-above-header-display":"","ast-hfb-below-header-display":"","ast-hfb-mobile-header-display":"","site-post-title":"disabled","ast-breadcrumbs-content":"","ast-featured-img":"","footer-sml-layout":"","theme-transparent-header-meta":"default","adv-header-id-meta":"","stick-header-meta":"","header-above-stick-meta":"","header-main-stick-meta":"","header-below-stick-meta":"","astra-migrate-meta-layouts":"set","ast-page-background-enabled":"default","ast-page-background-meta":{"desktop":{"background-color":"var(--ast-global-color-4)","background-image":"","background-repeat":"repeat","background-position":"center center","background-size":"auto","background-attachment":"scroll","background-type":"","background-media":"","overlay-type":"","overlay-color":"","overlay-opacity":"","overlay-gradient":""},"tablet":{"background-color":"","background-image":"","background-repeat":"repeat","background-position":"center center","background-size":"auto","background-attachment":"scroll","background-type":"","background-media":"","overlay-type":"","overlay-color":"","overlay-opacity":"","overlay-gradient":""},"mobile":{"background-color":"","background-image":"","background-repeat":"repeat","background-position":"center center","background-size":"auto","background-attachment":"scroll","background-type":"","background-media":"","overlay-type":"","overlay-color":"","overlay-opacity":"","overlay-gradient":""}},"ast-content-background-meta":{"desktop":{"background-color":"var(--ast-global-color-5)","background-image":"","background-repeat":"repeat","background-position":"center center","background-size":"auto","background-attachment":"scroll","background-type":"","background-media":"","overlay-type":"","overlay-color":"","overlay-opacity":"","overlay-gradient":""},"tablet":{"background-color":"var(--ast-global-color-5)","background-image":"","background-repeat":"repeat","background-position":"center center","background-size":"auto","background-attachment":"scroll","background-type":"","background-media":"","overlay-type":"","overlay-color":"","overlay-opacity":"","overlay-gradient":""},"mobile":{"background-color":"var(--ast-global-color-5)","background-image":"","background-repeat":"repeat","background-position":"center center","background-size":"auto","background-attachment":"scroll","background-type":"","background-media":"","overlay-type":"","overlay-color":"","overlay-opacity":"","overlay-gradient":""}},"footnotes":""},"class_list":["post-44","page","type-page","status-publish","hentry"],"uagb_featured_image_src":{"full":false,"thumbnail":false,"medium":false,"medium_large":false,"large":false,"1536x1536":false,"2048x2048":false,"woocommerce_thumbnail":false,"woocommerce_single":false,"woocommerce_gallery_thumbnail":false},"uagb_author_info":{"display_name":"admin","author_link":"https:\/\/latelierdugenie.com\/wordpress\/author\/latelierdugenie\/"},"uagb_comment_info":0,"uagb_excerpt":"\u00c0 propos de L&rsquo;Atelier Fort d&rsquo;une expertise in\u00e9gal\u00e9e dans le secteur du luxe, notre \u00e9quipe passionn\u00e9e travaille avec des designers [&hellip;]","_links":{"self":[{"href":"https:\/\/latelierdugenie.com\/wordpress\/wp-json\/wp\/v2\/pages\/44","targetHints":{"allow":["GET"]}}],"collection":[{"href":"https:\/\/latelierdugenie.com\/wordpress\/wp-json\/wp\/v2\/pages"}],"about":[{"href":"https:\/\/latelierdugenie.com\/wordpress\/wp-json\/wp\/v2\/types\/page"}],"author":[{"embeddable":true,"href":"https:\/\/latelierdugenie.com\/wordpress\/wp-json\/wp\/v2\/users\/1"}],"replies":[{"embeddable":true,"href":"https:\/\/latelierdugenie.com\/wordpress\/wp-json\/wp\/v2\/comments?post=44"}],"version-history":[{"count":20,"href":"https:\/\/latelierdugenie.com\/wordpress\/wp-json\/wp\/v2\/pages\/44\/revisions"}],"predecessor-version":[{"id":1712,"href":"https:\/\/latelierdugenie.com\/wordpress\/wp-json\/wp\/v2\/pages\/44\/revisions\/1712"}],"wp:attachment":[{"href":"https:\/\/latelierdugenie.com\/wordpress\/wp-json\/wp\/v2\/media?parent=44"}],"curies":[{"name":"wp","href":"https:\/\/api.w.org\/{rel}","templated":true}]}}